{"id":105,"date":"2022-03-16T09:45:32","date_gmt":"2022-03-16T08:45:32","guid":{"rendered":"https:\/\/www.diversero.org\/?page_id=105"},"modified":"2022-11-28T17:07:02","modified_gmt":"2022-11-28T16:07:02","slug":"imprint","status":"publish","type":"page","link":"https:\/\/diversero.org\/en\/imprint\/","title":{"rendered":"Imprint"},"content":{"rendered":"\t\t<div data-elementor-type=\"wp-page\" data-elementor-id=\"105\" class=\"elementor elementor-105\" data-elementor-post-type=\"page\">\n\t\t\t\t\t\t\t\t\t<section class=\"elementor-section elementor-top-section elementor-element elementor-element-e1a0a36 elementor-section-boxed elementor-section-height-default elementor-section-height-default\" data-id=\"e1a0a36\" data-element_type=\"section\">\n\t\t\t\t\t\t<div class=\"elementor-container elementor-column-gap-default\">\n\t\t\t\t\t<div class=\"elementor-column elementor-col-100 elementor-top-column elementor-element elementor-element-2a8a165\" data-id=\"2a8a165\" data-element_type=\"column\">\n\t\t\t<div class=\"elementor-widget-wrap elementor-element-populated\">\n\t\t\t\t\t\t\t\t<div class=\"elementor-element elementor-element-e78da25 elementor-widget elementor-widget-text-editor\" data-id=\"e78da25\" data-element_type=\"widget\" data-widget_type=\"text-editor.default\">\n\t\t\t\t<div class=\"elementor-widget-container\">\n\t\t\t<style>\/*! elementor - v3.17.0 - 08-11-2023 *\/\n.elementor-widget-text-editor.elementor-drop-cap-view-stacked .elementor-drop-cap{background-color:#69727d;color:#fff}.elementor-widget-text-editor.elementor-drop-cap-view-framed .elementor-drop-cap{color:#69727d;border:3px solid;background-color:transparent}.elementor-widget-text-editor:not(.elementor-drop-cap-view-default) .elementor-drop-cap{margin-top:8px}.elementor-widget-text-editor:not(.elementor-drop-cap-view-default) .elementor-drop-cap-letter{width:1em;height:1em}.elementor-widget-text-editor .elementor-drop-cap{float:left;text-align:center;line-height:1;font-size:50px}.elementor-widget-text-editor .elementor-drop-cap-letter{display:inline-block}<\/style>\t\t\t\t<h3>IMPRINT<\/h3>\n<h5>VEREIN F\u00dcR VIELFALT IN SPORT UND GESELLSCHAFT E.V.<\/h5>\n<p>Maa\u00dfenstra\u00dfe 14, 10777 Berlin<br><br><\/p>\n<h5>REPRESENTED BY:<\/h5>\n<p>Marcus Urban<br><br><\/p>\n<h5>CONTACT:<\/h5>\n<p>Email: m.urban[at]verein-fuer-vielfalt[dot]de<\/p>\n<p>phone: +49 170 544 2967<br><br><\/p>\n<h5>REGISTRATION:<\/h5>\n<p>Entry in the register of associations. register court: AG Charlottenburg register number: VR 33439 B<br><br><\/p>\n<h5>RESPONSIBLE FOR THE CONTENT ACCORDING TO \u00a7 55 ABS. 2 RSTV:<\/h5>\n<p>Verein f\u00fcr Vielfalt in Sport und Gesellschaft e.V., Maa\u00dfenstra\u00dfe 14, 10777 Berlin<br><br><\/p>\n<h5>ACCOUNT DATA<\/h5>\n<p>Verein f\u00fcr Vielfalt in Sport und Gesellschaft e.V.<br>IBAN: DE04100500000190662018<br>BIC: BELADEBEXXX<br>Berliner Sparkasse<\/p>\n<form action=\"https:\/\/www.paypal.com\/cgi-bin\/webscr\" method=\"post\" target=\"_top\" data-hs-cf-bound=\"true\"><input alt=\"Jetzt einfach, schnell und sicher online bezahlen \u2013 mit PayPal.\" src=\"https:\/\/www.paypalobjects.com\/de_DE\/DE\/i\/btn\/btn_donateCC_LG.gif\" type=\"image\">&nbsp;<br><img loading=\"lazy\" decoding=\"async\" src=\"https:\/\/www.paypalobjects.com\/de_DE\/i\/scr\/pixel.gif\" alt=\"\" width=\"1\" height=\"1\" border=\"0\"><\/form>\n<h5>DISCLAIMER:<\/h5>\n<h6>LIABILITY FOR CONTENT<\/h6>\n<p>The contents of our pages have been created with the utmost care. However, we cannot guarantee the accuracy, completeness and timeliness of the content. As a service provider, we are responsible for our own content on these pages in accordance with \u00a7 7 paragraph 1 TMG under the general laws. According to \u00a7\u00a7 8 to 10 TMG, however, we are not obligated as a service provider to monitor transmitted or stored third-party information or to investigate circumstances that indicate illegal activity. Obligations to remove or block the use of information under the general laws remain unaffected. However, liability in this regard is only possible from the point in time at which a concrete infringement of the law becomes known. If we become aware of any such infringements, we will remove the relevant content immediately.<br><br><\/p>\n<h6>LIABILITY FOR LINKS<\/h6>\n<p>Our offer contains links to external websites of third parties, on whose contents we have no influence. Therefore, we cannot assume any liability for these external contents. The respective provider or operator of the pages is always responsible for the content of the linked pages. The linked pages were checked for possible legal violations at the time of linking. Illegal contents were not recognizable at the time of linking. However, a permanent control of the contents of the linked pages is not reasonable without concrete evidence of a violation of the law. If we become aware of any infringements, we will remove such links immediately.<br><br><\/p>\n<h6>COPYRIGHT<br><\/h6>\n<p>The content and works created by the site operators on these pages are subject to German copyright law. Duplication, processing, distribution, or any form of commercialization of such material beyond the scope of the copyright law shall require the prior written consent of its respective author or creator. Downloads and copies of this site are only permitted for private, non-commercial use. Insofar as the content on this site was not created by the operator, the copyrights of third parties are respected. In particular, third-party content is identified as such. Should you nevertheless become aware of a copyright infringement, please inform us accordingly. If we become aware of any infringements, we will remove such content immediately.<\/p>\t\t\t\t\t\t<\/div>\n\t\t\t\t<\/div>\n\t\t\t\t\t<\/div>\n\t\t<\/div>\n\t\t\t\t\t\t\t<\/div>\n\t\t<\/section>\n\t\t\t\t\t\t\t<\/div>\n\t\t","protected":false},"excerpt":{"rendered":"<p>IMPRINT VEREIN F\u00dcR VIELFALT IN SPORT UND GESELLSCHAFT E.V. Maa\u00dfenstra\u00dfe 14, 10777 Berlin REPRESENTED BY: Marcus Urban CONTACT: Email: m.urban[at]verein-fuer-vielfalt[dot]de phone: +49 170 544 2967 REGISTRATION: Entry in the register of associations. register court: AG Charlottenburg register number: VR 33439 B RESPONSIBLE FOR THE CONTENT ACCORDING TO \u00a7 55 ABS. 2 RSTV: Verein f\u00fcr Vielfalt [&hellip;]<\/p>\n","protected":false},"author":2,"featured_media":0,"parent":0,"menu_order":0,"comment_status":"closed","ping_status":"closed","template":"elementor_header_footer","meta":{"footnotes":""},"contents":[],"magazine":[],"class_list":["post-105","page","type-page","status-publish","hentry"],"_links":{"self":[{"href":"https:\/\/diversero.org\/en\/wp-json\/wp\/v2\/pages\/105","targetHints":{"allow":["GET"]}}],"collection":[{"href":"https:\/\/diversero.org\/en\/wp-json\/wp\/v2\/pages"}],"about":[{"href":"https:\/\/diversero.org\/en\/wp-json\/wp\/v2\/types\/page"}],"author":[{"embeddable":true,"href":"https:\/\/diversero.org\/en\/wp-json\/wp\/v2\/users\/2"}],"replies":[{"embeddable":true,"href":"https:\/\/diversero.org\/en\/wp-json\/wp\/v2\/comments?post=105"}],"version-history":[{"count":17,"href":"https:\/\/diversero.org\/en\/wp-json\/wp\/v2\/pages\/105\/revisions"}],"predecessor-version":[{"id":2511,"href":"https:\/\/diversero.org\/en\/wp-json\/wp\/v2\/pages\/105\/revisions\/2511"}],"wp:attachment":[{"href":"https:\/\/diversero.org\/en\/wp-json\/wp\/v2\/media?parent=105"}],"wp:term":[{"taxonomy":"contents","embeddable":true,"href":"https:\/\/diversero.org\/en\/wp-json\/wp\/v2\/contents?post=105"},{"taxonomy":"magazine","embeddable":true,"href":"https:\/\/diversero.org\/en\/wp-json\/wp\/v2\/magazine?post=105"}],"curies":[{"name":"wp","href":"https:\/\/api.w.org\/{rel}","templated":true}]}}